{"id":173,"date":"2024-07-21T18:51:34","date_gmt":"2024-07-21T18:51:34","guid":{"rendered":"https:\/\/adrianamorenoacosta.com\/?page_id=173"},"modified":"2025-01-16T19:01:11","modified_gmt":"2025-01-16T19:01:11","slug":"bio","status":"publish","type":"page","link":"https:\/\/adrianamorenoacosta.com\/index.php\/bio\/","title":{"rendered":"Bio"},"content":{"rendered":"\t\t<div data-elementor-type=\"wp-page\" data-elementor-id=\"173\" class=\"elementor elementor-173\">\n\t\t\t\t<div class=\"elementor-element elementor-element-4d4153e e-flex e-con-boxed e-con e-parent\" data-id=\"4d4153e\" data-element_type=\"container\" data-settings=\"{&quot;background_background&quot;:&quot;classic&quot;}\">\n\t\t\t\t\t<div class=\"e-con-inner\">\n\t\t<div class=\"elementor-element elementor-element-8862e03 e-con-full e-flex e-con e-child\" data-id=\"8862e03\" data-element_type=\"container\">\n\t\t\t\t<div class=\"elementor-element elementor-element-5882d45 elementor-widget elementor-widget-heading\" data-id=\"5882d45\" data-element_type=\"widget\" data-widget_type=\"heading.default\">\n\t\t\t\t<div class=\"elementor-widget-container\">\n\t\t\t\t\t<h2 class=\"elementor-heading-title elementor-size-default\">Lado A<\/h2>\t\t\t\t<\/div>\n\t\t\t\t<\/div>\n\t\t\t\t<div class=\"elementor-element elementor-element-c6a5b91 elementor-widget elementor-widget-heading\" data-id=\"c6a5b91\" data-element_type=\"widget\" data-widget_type=\"heading.default\">\n\t\t\t\t<div class=\"elementor-widget-container\">\n\t\t\t\t\t<h4 class=\"elementor-heading-title elementor-size-default\">Investigadora, realizadora audiovisual, docente. Sus proyectos buscan propiciar encuentros entre teor\u00edas y metodolog\u00edas provenientes de las Artes y las Ciencias Sociales. Miembro del Sistema Nacional de Investigadores de M\u00e9xico. Realizadora de Cine y Televisi\u00f3n y Mag\u00edster en Estudios Culturales por la Universidad Nacional de Colombia. Doctora en Comunicaci\u00f3n por la Universidad Nacional de La Plata, Argentina. Posdoctorado en el Programa de Becas Posdoctorales de la UNAM, Programa de Investigaci\u00f3n en Estudios Visuales, CEIICH-UNAM. Fundadora de la Red de Estudios de la Cultura Visual Abya Yala. Ganadora en 2020 del programa de Est\u00edmulo a Creadores Cinematogr\u00e1ficos del Instituto Mexicano de Cinematograf\u00eda IMCINE.<\/h4>\t\t\t\t<\/div>\n\t\t\t\t<\/div>\n\t\t\t\t<\/div>\n\t\t<div class=\"elementor-element elementor-element-30098fe e-con-full e-flex e-con e-child\" data-id=\"30098fe\" data-element_type=\"container\">\n\t\t\t\t<div class=\"elementor-element elementor-element-4941422 elementor-widget elementor-widget-image\" data-id=\"4941422\" data-element_type=\"widget\" data-widget_type=\"image.default\">\n\t\t\t\t<div class=\"elementor-widget-container\">\n\t\t\t\t\t\t\t\t\t\t\t\t\t\t\t<img fetchpriority=\"high\" decoding=\"async\" width=\"475\" height=\"416\" src=\"https:\/\/adrianamorenoacosta.com\/wp-content\/uploads\/2024\/07\/Adriana-Moreno-Bio-1.png\" class=\"attachment-full size-full wp-image-175\" alt=\"\" srcset=\"https:\/\/adrianamorenoacosta.com\/wp-content\/uploads\/2024\/07\/Adriana-Moreno-Bio-1.png 475w, https:\/\/adrianamorenoacosta.com\/wp-content\/uploads\/2024\/07\/Adriana-Moreno-Bio-1-300x263.png 300w\" sizes=\"(max-width: 475px) 100vw, 475px\" \/>\t\t\t\t\t\t\t\t\t\t\t\t\t\t\t<\/div>\n\t\t\t\t<\/div>\n\t\t\t\t<\/div>\n\t\t<div class=\"elementor-element elementor-element-09b1b96 e-con-full e-flex e-con e-child\" data-id=\"09b1b96\" data-element_type=\"container\" data-settings=\"{&quot;background_background&quot;:&quot;classic&quot;}\">\n\t\t\t\t<div class=\"elementor-element elementor-element-c788d3d elementor-widget elementor-widget-image\" data-id=\"c788d3d\" data-element_type=\"widget\" data-widget_type=\"image.default\">\n\t\t\t\t<div class=\"elementor-widget-container\">\n\t\t\t\t\t\t\t\t\t\t\t\t\t\t\t<img decoding=\"async\" width=\"871\" height=\"943\" src=\"https:\/\/adrianamorenoacosta.com\/wp-content\/uploads\/2024\/07\/Fuentes-lado-a-1.png\" class=\"attachment-large size-large wp-image-177\" alt=\"\" srcset=\"https:\/\/adrianamorenoacosta.com\/wp-content\/uploads\/2024\/07\/Fuentes-lado-a-1.png 871w, https:\/\/adrianamorenoacosta.com\/wp-content\/uploads\/2024\/07\/Fuentes-lado-a-1-277x300.png 277w, https:\/\/adrianamorenoacosta.com\/wp-content\/uploads\/2024\/07\/Fuentes-lado-a-1-768x831.png 768w\" sizes=\"(max-width: 871px) 100vw, 871px\" \/>\t\t\t\t\t\t\t\t\t\t\t\t\t\t\t<\/div>\n\t\t\t\t<\/div>\n\t\t\t\t<\/div>\n\t\t<div class=\"elementor-element elementor-element-73ca9c9 e-con-full e-flex e-con e-child\" data-id=\"73ca9c9\" data-element_type=\"container\">\n\t\t\t\t<div class=\"elementor-element elementor-element-96a4956 elementor-widget elementor-widget-heading\" data-id=\"96a4956\" data-element_type=\"widget\" data-widget_type=\"heading.default\">\n\t\t\t\t<div class=\"elementor-widget-container\">\n\t\t\t\t\t<h4 class=\"elementor-heading-title elementor-size-default\">Responsable del proyecto de investigaci\u00f3n: \u201cComunidades Emergentes de Conocimiento y Procesos de Investigaci\u00f3n-Creaci\u00f3n audiovisual\u201d CEC-ICreA (2019-2023) Investigaci\u00f3n Cient\u00edfica B\u00e1sica CONACYT. Seleccionada en la F\u00e1brica de Producci\u00f3n Editorial 2022 Centro Multimedia - Centro Nacional de las Artes CENART, con el proyecto editorial: \u201cJalpa. Mapa-relato de un Ejido\u201d. Ganadora en 2022 de la convocatoria del Sistema de Apoyo a la Creaci\u00f3n y Proyectos Culturales de la Secretar\u00eda de Cultura-FONCA en el \u00e1rea de Medios Audiovisuales, para el largometraje documental Qui\u00e9n Ser\u00e1 Juan. \u00c1reas de Inter\u00e9s: Estudios visuales, Investigaci\u00f3n Interdisciplinaria, procesos de investigaci\u00f3n\/creaci\u00f3n audiovisual, teor\u00edas de la imagen contempor\u00e1nea, tecnolog\u00eda y vida cotidiana, humanidades digitales. <\/h4>\t\t\t\t<\/div>\n\t\t\t\t<\/div>\n\t\t<div class=\"elementor-element elementor-element-cd71994 e-grid e-con-full e-con e-child\" data-id=\"cd71994\" data-element_type=\"container\">\n\t\t\t\t<div class=\"elementor-element elementor-element-50ee305 elementor-align-right elementor-hidden-tablet elementor-hidden-mobile elementor-widget elementor-widget-button\" data-id=\"50ee305\" data-element_type=\"widget\" data-widget_type=\"button.default\">\n\t\t\t\t<div class=\"elementor-widget-container\">\n\t\t\t\t\t\t\t\t\t<div class=\"elementor-button-wrapper\">\n\t\t\t\t\t<a class=\"elementor-button elementor-button-link elementor-size-sm\" href=\"https:\/\/unam.academia.edu\/AdrianaMoreno\" target=\"_blank\">\n\t\t\t\t\t\t<span class=\"elementor-button-content-wrapper\">\n\t\t\t\t\t\t\t\t\t<span class=\"elementor-button-text\">unam.academia.edu\/AdrianaMoreno<\/span>\n\t\t\t\t\t<\/span>\n\t\t\t\t\t<\/a>\n\t\t\t\t<\/div>\n\t\t\t\t\t\t\t\t<\/div>\n\t\t\t\t<\/div>\n\t\t\t\t<div class=\"elementor-element elementor-element-5aa472f elementor-align-center elementor-mobile-align-right elementor-hidden-desktop elementor-widget elementor-widget-button\" data-id=\"5aa472f\" data-element_type=\"widget\" data-widget_type=\"button.default\">\n\t\t\t\t<div class=\"elementor-widget-container\">\n\t\t\t\t\t\t\t\t\t<div class=\"elementor-button-wrapper\">\n\t\t\t\t\t<a class=\"elementor-button elementor-button-link elementor-size-sm\" href=\"https:\/\/unam.academia.edu\/AdrianaMoreno\" target=\"_blank\">\n\t\t\t\t\t\t<span class=\"elementor-button-content-wrapper\">\n\t\t\t\t\t\t\t\t\t<span class=\"elementor-button-text\">unam.academia.edu\/<br>AdrianaMoreno<\/span>\n\t\t\t\t\t<\/span>\n\t\t\t\t\t<\/a>\n\t\t\t\t<\/div>\n\t\t\t\t\t\t\t\t<\/div>\n\t\t\t\t<\/div>\n\t\t\t\t<div class=\"elementor-element elementor-element-dc3d763 elementor-widget elementor-widget-image\" data-id=\"dc3d763\" data-element_type=\"widget\" data-widget_type=\"image.default\">\n\t\t\t\t<div class=\"elementor-widget-container\">\n\t\t\t\t\t\t\t\t\t\t\t\t\t\t\t<img decoding=\"async\" width=\"289\" height=\"62\" src=\"https:\/\/adrianamorenoacosta.com\/wp-content\/uploads\/2024\/07\/academia-link.png\" class=\"attachment-large size-large wp-image-178\" alt=\"\" \/>\t\t\t\t\t\t\t\t\t\t\t\t\t\t\t<\/div>\n\t\t\t\t<\/div>\n\t\t\t\t<\/div>\n\t\t\t\t<\/div>\n\t\t\t\t\t<\/div>\n\t\t\t\t<\/div>\n\t\t<div class=\"elementor-element elementor-element-94df299 e-flex e-con-boxed e-con e-parent\" data-id=\"94df299\" data-element_type=\"container\" data-settings=\"{&quot;background_background&quot;:&quot;classic&quot;}\">\n\t\t\t\t\t<div class=\"e-con-inner\">\n\t\t\t\t<div class=\"elementor-element elementor-element-bb935a1 elementor-arrows-position-outside elementor-pagination-position-outside elementor-widget elementor-widget-image-carousel\" data-id=\"bb935a1\" data-element_type=\"widget\" data-settings=\"{&quot;slides_to_show&quot;:&quot;1&quot;,&quot;navigation&quot;:&quot;both&quot;,&quot;autoplay&quot;:&quot;yes&quot;,&quot;pause_on_hover&quot;:&quot;yes&quot;,&quot;pause_on_interaction&quot;:&quot;yes&quot;,&quot;autoplay_speed&quot;:5000,&quot;infinite&quot;:&quot;yes&quot;,&quot;effect&quot;:&quot;slide&quot;,&quot;speed&quot;:500}\" data-widget_type=\"image-carousel.default\">\n\t\t\t\t<div class=\"elementor-widget-container\">\n\t\t\t\t\t\t\t<div class=\"elementor-image-carousel-wrapper swiper\" role=\"region\" aria-roledescription=\"carousel\" aria-label=\"Carrusel de im\u00e1genes\" dir=\"ltr\">\n\t\t\t<div class=\"elementor-image-carousel swiper-wrapper\" aria-live=\"off\">\n\t\t\t\t\t\t\t\t<div class=\"swiper-slide\" role=\"group\" aria-roledescription=\"slide\" aria-label=\"1 de 7\"><a data-elementor-open-lightbox=\"yes\" data-elementor-lightbox-slideshow=\"bb935a1\" data-elementor-lightbox-title=\"20220804_143310\" data-e-action-hash=\"#elementor-action%3Aaction%3Dlightbox%26settings%3DeyJpZCI6MTg0LCJ1cmwiOiJodHRwczpcL1wvYWRyaWFuYW1vcmVub2Fjb3N0YS5jb21cL3dwLWNvbnRlbnRcL3VwbG9hZHNcLzIwMjRcLzA3XC8yMDIyMDgwNF8xNDMzMTAtc2NhbGVkLmpwZyIsInNsaWRlc2hvdyI6ImJiOTM1YTEifQ%3D%3D\" href=\"https:\/\/adrianamorenoacosta.com\/wp-content\/uploads\/2024\/07\/20220804_143310-scaled.jpg\"><figure class=\"swiper-slide-inner\"><img decoding=\"async\" class=\"swiper-slide-image\" src=\"https:\/\/adrianamorenoacosta.com\/wp-content\/uploads\/elementor\/thumbs\/20220804_143310-scaled-qrg7mklarhizrhe9ba0zgez5d3qqckgnu7slclr7hc.jpg\" alt=\"20220804_143310\" \/><\/figure><\/a><\/div><div class=\"swiper-slide\" role=\"group\" aria-roledescription=\"slide\" aria-label=\"2 de 7\"><a data-elementor-open-lightbox=\"yes\" data-elementor-lightbox-slideshow=\"bb935a1\" data-elementor-lightbox-title=\"Lluvia Bogotana\" data-e-action-hash=\"#elementor-action%3Aaction%3Dlightbox%26settings%3DeyJpZCI6MTgyLCJ1cmwiOiJodHRwczpcL1wvYWRyaWFuYW1vcmVub2Fjb3N0YS5jb21cL3dwLWNvbnRlbnRcL3VwbG9hZHNcLzIwMjRcLzA3XC9MbHV2aWEtQm9nb3RhbmEucG5nIiwic2xpZGVzaG93IjoiYmI5MzVhMSJ9\" href=\"https:\/\/adrianamorenoacosta.com\/wp-content\/uploads\/2024\/07\/Lluvia-Bogotana.png\"><figure class=\"swiper-slide-inner\"><img decoding=\"async\" class=\"swiper-slide-image\" src=\"https:\/\/adrianamorenoacosta.com\/wp-content\/uploads\/elementor\/thumbs\/Lluvia-Bogotana-qrg7md2l8t8p6lp6j6rywgvgm0rsmzmt56kpie2cv4.png\" alt=\"Lluvia Bogotana\" \/><\/figure><\/a><\/div><div class=\"swiper-slide\" role=\"group\" aria-roledescription=\"slide\" aria-label=\"3 de 7\"><a data-elementor-open-lightbox=\"yes\" data-elementor-lightbox-slideshow=\"bb935a1\" data-elementor-lightbox-title=\"IMG_4330\" data-e-action-hash=\"#elementor-action%3Aaction%3Dlightbox%26settings%3DeyJpZCI6MTg3LCJ1cmwiOiJodHRwczpcL1wvYWRyaWFuYW1vcmVub2Fjb3N0YS5jb21cL3dwLWNvbnRlbnRcL3VwbG9hZHNcLzIwMjRcLzA3XC9JTUdfNDMzMC1zY2FsZWQuanBnIiwic2xpZGVzaG93IjoiYmI5MzVhMSJ9\" href=\"https:\/\/adrianamorenoacosta.com\/wp-content\/uploads\/2024\/07\/IMG_4330-scaled.jpg\"><figure class=\"swiper-slide-inner\"><img decoding=\"async\" class=\"swiper-slide-image\" src=\"https:\/\/adrianamorenoacosta.com\/wp-content\/uploads\/elementor\/thumbs\/IMG_4330-scaled-qrg7mt1ugzuknz1yxvomkuuapkl19ue8vdnyo3enxc.jpg\" alt=\"IMG_4330\" \/><\/figure><\/a><\/div><div class=\"swiper-slide\" role=\"group\" aria-roledescription=\"slide\" aria-label=\"4 de 7\"><a data-elementor-open-lightbox=\"yes\" data-elementor-lightbox-slideshow=\"bb935a1\" data-elementor-lightbox-title=\"IMG_4331\" data-e-action-hash=\"#elementor-action%3Aaction%3Dlightbox%26settings%3DeyJpZCI6MTg4LCJ1cmwiOiJodHRwczpcL1wvYWRyaWFuYW1vcmVub2Fjb3N0YS5jb21cL3dwLWNvbnRlbnRcL3VwbG9hZHNcLzIwMjRcLzA3XC9JTUdfNDMzMS1zY2FsZWQuanBnIiwic2xpZGVzaG93IjoiYmI5MzVhMSJ9\" href=\"https:\/\/adrianamorenoacosta.com\/wp-content\/uploads\/2024\/07\/IMG_4331-scaled.jpg\"><figure class=\"swiper-slide-inner\"><img decoding=\"async\" class=\"swiper-slide-image\" src=\"https:\/\/adrianamorenoacosta.com\/wp-content\/uploads\/elementor\/thumbs\/IMG_4331-scaled-qrg7mwt78bzpyewibxb4utw5342i4mt67w9wl7938g.jpg\" alt=\"IMG_4331\" \/><\/figure><\/a><\/div><div class=\"swiper-slide\" role=\"group\" aria-roledescription=\"slide\" aria-label=\"5 de 7\"><a data-elementor-open-lightbox=\"yes\" data-elementor-lightbox-slideshow=\"bb935a1\" data-elementor-lightbox-title=\"IMG_4329\" data-e-action-hash=\"#elementor-action%3Aaction%3Dlightbox%26settings%3DeyJpZCI6MTg2LCJ1cmwiOiJodHRwczpcL1wvYWRyaWFuYW1vcmVub2Fjb3N0YS5jb21cL3dwLWNvbnRlbnRcL3VwbG9hZHNcLzIwMjRcLzA3XC9JTUdfNDMyOS1zY2FsZWQuanBnIiwic2xpZGVzaG93IjoiYmI5MzVhMSJ9\" href=\"https:\/\/adrianamorenoacosta.com\/wp-content\/uploads\/2024\/07\/IMG_4329-scaled.jpg\"><figure class=\"swiper-slide-inner\"><img decoding=\"async\" class=\"swiper-slide-image\" src=\"https:\/\/adrianamorenoacosta.com\/wp-content\/uploads\/elementor\/thumbs\/IMG_4329-scaled-qrg7mpahpnpfdj7fju24avsgc13kf1zbiv20qzk8m8.jpg\" alt=\"IMG_4329\" \/><\/figure><\/a><\/div><div class=\"swiper-slide\" role=\"group\" aria-roledescription=\"slide\" aria-label=\"6 de 7\"><a data-elementor-open-lightbox=\"yes\" data-elementor-lightbox-slideshow=\"bb935a1\" data-elementor-lightbox-title=\"20220804_143647\" data-e-action-hash=\"#elementor-action%3Aaction%3Dlightbox%26settings%3DeyJpZCI6MTg1LCJ1cmwiOiJodHRwczpcL1wvYWRyaWFuYW1vcmVub2Fjb3N0YS5jb21cL3dwLWNvbnRlbnRcL3VwbG9hZHNcLzIwMjRcLzA3XC8yMDIyMDgwNF8xNDM2NDctZTE3MjE1ODg5NDIzNDMuanBnIiwic2xpZGVzaG93IjoiYmI5MzVhMSJ9\" href=\"https:\/\/adrianamorenoacosta.com\/wp-content\/uploads\/2024\/07\/20220804_143647-e1721588942343.jpg\"><figure class=\"swiper-slide-inner\"><img decoding=\"async\" class=\"swiper-slide-image\" src=\"https:\/\/adrianamorenoacosta.com\/wp-content\/uploads\/elementor\/thumbs\/20220804_143647-e1721588942343-qrg7xcsn62aeyfqdcftwk70ip8lbnk9szl84jvrm3k.jpg\" alt=\"20220804_143647\" \/><\/figure><\/a><\/div><div class=\"swiper-slide\" role=\"group\" aria-roledescription=\"slide\" aria-label=\"7 de 7\"><a data-elementor-open-lightbox=\"yes\" data-elementor-lightbox-slideshow=\"bb935a1\" data-elementor-lightbox-title=\"KONICA MINOLTA DIGITAL CAMERA\" data-e-action-hash=\"#elementor-action%3Aaction%3Dlightbox%26settings%3DeyJpZCI6NjQ2LCJ1cmwiOiJodHRwczpcL1wvYWRyaWFuYW1vcmVub2Fjb3N0YS5jb21cL3dwLWNvbnRlbnRcL3VwbG9hZHNcLzIwMjRcLzEyXC9CdXMtQm9nb3RhLmpwZyIsInNsaWRlc2hvdyI6ImJiOTM1YTEifQ%3D%3D\" href=\"https:\/\/adrianamorenoacosta.com\/wp-content\/uploads\/2024\/12\/Bus-Bogota.jpg\"><figure class=\"swiper-slide-inner\"><img decoding=\"async\" class=\"swiper-slide-image\" src=\"https:\/\/adrianamorenoacosta.com\/wp-content\/uploads\/elementor\/thumbs\/Bus-Bogota-qy0xpmx6gkuc0cg3m4sjur02z5x2ttlq8suaehnl40.jpg\" alt=\"KONICA MINOLTA DIGITAL CAMERA\" \/><\/figure><\/a><\/div>\t\t\t<\/div>\n\t\t\t\t\t\t\t\t\t\t\t\t<div class=\"elementor-swiper-button elementor-swiper-button-prev\" role=\"button\" tabindex=\"0\">\n\t\t\t\t\t\t<svg aria-hidden=\"true\" class=\"e-font-icon-svg e-eicon-chevron-left\" viewBox=\"0 0 1000 1000\" xmlns=\"http:\/\/www.w3.org\/2000\/svg\"><path d=\"M646 125C629 125 613 133 604 142L308 442C296 454 292 471 292 487 292 504 296 521 308 533L604 854C617 867 629 875 646 875 663 875 679 871 692 858 704 846 713 829 713 812 713 796 708 779 692 767L438 487 692 225C700 217 708 204 708 187 708 171 704 154 692 142 675 129 663 125 646 125Z\"><\/path><\/svg>\t\t\t\t\t<\/div>\n\t\t\t\t\t<div class=\"elementor-swiper-button elementor-swiper-button-next\" role=\"button\" tabindex=\"0\">\n\t\t\t\t\t\t<svg aria-hidden=\"true\" class=\"e-font-icon-svg e-eicon-chevron-right\" viewBox=\"0 0 1000 1000\" xmlns=\"http:\/\/www.w3.org\/2000\/svg\"><path d=\"M696 533C708 521 713 504 713 487 713 471 708 454 696 446L400 146C388 133 375 125 354 125 338 125 325 129 313 142 300 154 292 171 292 187 292 204 296 221 308 233L563 492 304 771C292 783 288 800 288 817 288 833 296 850 308 863 321 871 338 875 354 875 371 875 388 867 400 854L696 533Z\"><\/path><\/svg>\t\t\t\t\t<\/div>\n\t\t\t\t\n\t\t\t\t\t\t\t\t\t<div class=\"swiper-pagination\"><\/div>\n\t\t\t\t\t\t\t\t\t<\/div>\n\t\t\t\t\t\t<\/div>\n\t\t\t\t<\/div>\n\t\t\t\t\t<\/div>\n\t\t\t\t<\/div>\n\t\t<div class=\"elementor-element elementor-element-1ac1d6a e-flex e-con-boxed e-con e-parent\" data-id=\"1ac1d6a\" data-element_type=\"container\" data-settings=\"{&quot;background_background&quot;:&quot;classic&quot;}\">\n\t\t\t\t\t<div class=\"e-con-inner\">\n\t\t<div class=\"elementor-element elementor-element-5adc8cb e-con-full e-flex e-con e-child\" data-id=\"5adc8cb\" data-element_type=\"container\">\n\t\t<div class=\"elementor-element elementor-element-46597e0 e-con-full e-flex e-con e-child\" data-id=\"46597e0\" data-element_type=\"container\">\n\t\t\t\t<div class=\"elementor-element elementor-element-690573c elementor-widget elementor-widget-heading\" data-id=\"690573c\" data-element_type=\"widget\" data-widget_type=\"heading.default\">\n\t\t\t\t<div class=\"elementor-widget-container\">\n\t\t\t\t\t<h2 class=\"elementor-heading-title elementor-size-default\">Lado B<\/h2>\t\t\t\t<\/div>\n\t\t\t\t<\/div>\n\t\t\t\t<div class=\"elementor-element elementor-element-e2af0f8 elementor-widget elementor-widget-heading\" data-id=\"e2af0f8\" data-element_type=\"widget\" data-widget_type=\"heading.default\">\n\t\t\t\t<div class=\"elementor-widget-container\">\n\t\t\t\t\t<h4 class=\"elementor-heading-title elementor-size-default\">Nac\u00ed en Bogot\u00e1-Colombia, estudi\u00e9 en Argentina, vivo en M\u00e9xico, estoy construyendo una casita en Uruguay, mi coraz\u00f3n es Latinoam\u00e9ricano y mis proyectos buscan conectar el arte con la vida cotidiana, contar las historias peque\u00f1as, aparentemente insignificantes. Me gusta escribir y las im\u00e1genes, soy nerd de barrio, mis pap\u00e1s no fueron a la universidad, soy hija de las becas y de la universidad p\u00fablica. Me cuesta decir de mi misma que soy artista, prefiero pensarme desde la investigaci\u00f3n-creaci\u00f3n. No quer\u00eda tener una p\u00e1gina web, soy m\u00e1s bien anacr\u00f3nica, escribo en libretas de papel, no me gusta el whatsapp, ni enviar mensajes de voz, prefiero una llamada telef\u00f3nica, o una conversaci\u00f3n, como las de antes. <\/h4>\t\t\t\t<\/div>\n\t\t\t\t<\/div>\n\t\t\t\t<\/div>\n\t\t<div class=\"elementor-element elementor-element-9f20610 e-con-full e-flex e-con e-child\" data-id=\"9f20610\" data-element_type=\"container\">\n\t\t\t\t<div class=\"elementor-element elementor-element-e638626 elementor-widget elementor-widget-image\" data-id=\"e638626\" data-element_type=\"widget\" data-widget_type=\"image.default\">\n\t\t\t\t<div class=\"elementor-widget-container\">\n\t\t\t\t\t\t\t\t\t\t\t\t\t\t\t<img loading=\"lazy\" decoding=\"async\" width=\"726\" height=\"900\" src=\"https:\/\/adrianamorenoacosta.com\/wp-content\/uploads\/2024\/07\/foto-papas-bio.png\" class=\"attachment-large size-large wp-image-193\" alt=\"\" srcset=\"https:\/\/adrianamorenoacosta.com\/wp-content\/uploads\/2024\/07\/foto-papas-bio.png 726w, https:\/\/adrianamorenoacosta.com\/wp-content\/uploads\/2024\/07\/foto-papas-bio-242x300.png 242w\" sizes=\"(max-width: 726px) 100vw, 726px\" \/>\t\t\t\t\t\t\t\t\t\t\t\t\t\t\t<\/div>\n\t\t\t\t<\/div>\n\t\t\t\t<\/div>\n\t\t\t\t<\/div>\n\t\t<div class=\"elementor-element elementor-element-180ef48 e-con-full e-flex e-con e-child\" data-id=\"180ef48\" data-element_type=\"container\">\n\t\t\t\t<\/div>\n\t\t\t\t\t<\/div>\n\t\t\t\t<\/div>\n\t\t\t\t<\/div>\n\t\t","protected":false},"excerpt":{"rendered":"<p>Lado A Investigadora, realizadora audiovisual, docente. Sus proyectos buscan propiciar encuentros entre teor\u00edas y metodolog\u00edas provenientes de las Artes y [&hellip;]<\/p>\n","protected":false},"author":1,"featured_media":0,"parent":0,"menu_order":0,"comment_status":"closed","ping_status":"closed","template":"","meta":{"site-sidebar-layout":"no-sidebar","site-content-layout":"","ast-site-content-layout":"full-width-container","site-content-style":"default","site-sidebar-style":"default","ast-global-header-display":"","ast-banner-title-visibility":"","ast-main-header-display":"","ast-hfb-above-header-display":"","ast-hfb-below-header-display":"","ast-hfb-mobile-header-display":"","site-post-title":"disabled","ast-breadcrumbs-content":"","ast-featured-img":"disabled","footer-sml-layout":"","theme-transparent-header-meta":"","adv-header-id-meta":"","stick-header-meta":"","header-above-stick-meta":"","header-main-stick-meta":"","header-below-stick-meta":"","astra-migrate-meta-layouts":"default","ast-page-background-enabled":"default","ast-page-background-meta":{"desktop":{"background-color":"var(--ast-global-color-4)","background-image":"","background-repeat":"repeat","background-position":"center center","background-size":"auto","background-attachment":"scroll","background-type":"","background-media":"","overlay-type":"","overlay-color":"","overlay-opacity":"","overlay-gradient":""},"tablet":{"background-color":"","background-image":"","background-repeat":"repeat","background-position":"center center","background-size":"auto","background-attachment":"scroll","background-type":"","background-media":"","overlay-type":"","overlay-color":"","overlay-opacity":"","overlay-gradient":""},"mobile":{"background-color":"","background-image":"","background-repeat":"repeat","background-position":"center center","background-size":"auto","background-attachment":"scroll","background-type":"","background-media":"","overlay-type":"","overlay-color":"","overlay-opacity":"","overlay-gradient":""}},"ast-content-background-meta":{"desktop":{"background-color":"var(--ast-global-color-5)","background-image":"","background-repeat":"repeat","background-position":"center center","background-size":"auto","background-attachment":"scroll","background-type":"","background-media":"","overlay-type":"","overlay-color":"","overlay-opacity":"","overlay-gradient":""},"tablet":{"background-color":"var(--ast-global-color-5)","background-image":"","background-repeat":"repeat","background-position":"center center","background-size":"auto","background-attachment":"scroll","background-type":"","background-media":"","overlay-type":"","overlay-color":"","overlay-opacity":"","overlay-gradient":""},"mobile":{"background-color":"var(--ast-global-color-5)","background-image":"","background-repeat":"repeat","background-position":"center center","background-size":"auto","background-attachment":"scroll","background-type":"","background-media":"","overlay-type":"","overlay-color":"","overlay-opacity":"","overlay-gradient":""}},"footnotes":""},"class_list":["post-173","page","type-page","status-publish","hentry"],"_links":{"self":[{"href":"https:\/\/adrianamorenoacosta.com\/index.php\/wp-json\/wp\/v2\/pages\/173","targetHints":{"allow":["GET"]}}],"collection":[{"href":"https:\/\/adrianamorenoacosta.com\/index.php\/wp-json\/wp\/v2\/pages"}],"about":[{"href":"https:\/\/adrianamorenoacosta.com\/index.php\/wp-json\/wp\/v2\/types\/page"}],"author":[{"embeddable":true,"href":"https:\/\/adrianamorenoacosta.com\/index.php\/wp-json\/wp\/v2\/users\/1"}],"replies":[{"embeddable":true,"href":"https:\/\/adrianamorenoacosta.com\/index.php\/wp-json\/wp\/v2\/comments?post=173"}],"version-history":[{"count":49,"href":"https:\/\/adrianamorenoacosta.com\/index.php\/wp-json\/wp\/v2\/pages\/173\/revisions"}],"predecessor-version":[{"id":702,"href":"https:\/\/adrianamorenoacosta.com\/index.php\/wp-json\/wp\/v2\/pages\/173\/revisions\/702"}],"wp:attachment":[{"href":"https:\/\/adrianamorenoacosta.com\/index.php\/wp-json\/wp\/v2\/media?parent=173"}],"curies":[{"name":"wp","href":"https:\/\/api.w.org\/{rel}","templated":true}]}}