{"id":402,"date":"2024-07-30T16:18:42","date_gmt":"2024-07-30T16:18:42","guid":{"rendered":"https:\/\/adrianamorenoacosta.com\/?page_id=402"},"modified":"2024-07-30T16:23:36","modified_gmt":"2024-07-30T16:23:36","slug":"zoom-in-bogota-bus","status":"publish","type":"page","link":"https:\/\/adrianamorenoacosta.com\/index.php\/zoom-in-bogota-bus\/","title":{"rendered":"Zoom In Bogota-Bus"},"content":{"rendered":"\t\t<div data-elementor-type=\"wp-page\" data-elementor-id=\"402\" class=\"elementor elementor-402\">\n\t\t\t\t<div class=\"elementor-element elementor-element-21c83ba e-flex e-con-boxed e-con e-parent\" data-id=\"21c83ba\" data-element_type=\"container\">\n\t\t\t\t\t<div class=\"e-con-inner\">\n\t\t\t\t<div class=\"elementor-element elementor-element-f99b29b elementor-widget elementor-widget-heading\" data-id=\"f99b29b\" data-element_type=\"widget\" data-widget_type=\"heading.default\">\n\t\t\t\t<div class=\"elementor-widget-container\">\n\t\t\t\t\t<h1 class=\"elementor-heading-title elementor-size-default\">Zoom In Bogot\u00e1-Bus <\/h1>\t\t\t\t<\/div>\n\t\t\t\t<\/div>\n\t\t\t\t<div class=\"elementor-element elementor-element-4c66c32 elementor-widget elementor-widget-heading\" data-id=\"4c66c32\" data-element_type=\"widget\" data-widget_type=\"heading.default\">\n\t\t\t\t<div class=\"elementor-widget-container\">\n\t\t\t\t\t<h2 class=\"elementor-heading-title elementor-size-default\">Video, Fotograf\u00edas<\/h2>\t\t\t\t<\/div>\n\t\t\t\t<\/div>\n\t\t\t\t<div class=\"elementor-element elementor-element-a5c00c2 elementor-widget elementor-widget-heading\" data-id=\"a5c00c2\" data-element_type=\"widget\" data-widget_type=\"heading.default\">\n\t\t\t\t<div class=\"elementor-widget-container\">\n\t\t\t\t\t<p class=\"elementor-heading-title elementor-size-default\">Im\u00e1genes, sonidos y relatos de la experiencia del viaje en bus, buseta y colectivo en la ciudad de Bogot\u00e1-Colombia. \n<\/p>\t\t\t\t<\/div>\n\t\t\t\t<\/div>\n\t\t\t\t\t<\/div>\n\t\t\t\t<\/div>\n\t\t<div class=\"elementor-element elementor-element-2f6c878 e-flex e-con-boxed e-con e-parent\" data-id=\"2f6c878\" data-element_type=\"container\">\n\t\t\t\t\t<div class=\"e-con-inner\">\n\t\t\t\t<div class=\"elementor-element elementor-element-2277ed6 gallery-spacing-custom elementor-widget elementor-widget-image-gallery\" data-id=\"2277ed6\" data-element_type=\"widget\" data-widget_type=\"image-gallery.default\">\n\t\t\t\t<div class=\"elementor-widget-container\">\n\t\t\t\t\t\t\t<div class=\"elementor-image-gallery\">\n\t\t\t<div id='gallery-1' class='gallery galleryid-402 gallery-columns-3 gallery-size-medium'><figure class='gallery-item'>\n\t\t\t<div class='gallery-icon landscape'>\n\t\t\t\t<a data-elementor-open-lightbox=\"yes\" data-elementor-lightbox-slideshow=\"2277ed6\" data-elementor-lightbox-title=\"Portada Zoom In Bogotabus\" data-e-action-hash=\"#elementor-action%3Aaction%3Dlightbox%26settings%3DeyJpZCI6NDAxLCJ1cmwiOiJodHRwczpcL1wvYWRyaWFuYW1vcmVub2Fjb3N0YS5jb21cL3dwLWNvbnRlbnRcL3VwbG9hZHNcLzIwMjRcLzA3XC9Qb3J0YWRhLVpvb20tSW4tQm9nb3RhYnVzLnBuZyIsInNsaWRlc2hvdyI6IjIyNzdlZDYifQ%3D%3D\" href='https:\/\/adrianamorenoacosta.com\/wp-content\/uploads\/2024\/07\/Portada-Zoom-In-Bogotabus.png'><img fetchpriority=\"high\" decoding=\"async\" width=\"300\" height=\"253\" src=\"https:\/\/adrianamorenoacosta.com\/wp-content\/uploads\/2024\/07\/Portada-Zoom-In-Bogotabus-300x253.png\" class=\"attachment-medium size-medium\" alt=\"\" srcset=\"https:\/\/adrianamorenoacosta.com\/wp-content\/uploads\/2024\/07\/Portada-Zoom-In-Bogotabus-300x253.png 300w, https:\/\/adrianamorenoacosta.com\/wp-content\/uploads\/2024\/07\/Portada-Zoom-In-Bogotabus-1024x863.png 1024w, https:\/\/adrianamorenoacosta.com\/wp-content\/uploads\/2024\/07\/Portada-Zoom-In-Bogotabus-768x648.png 768w, https:\/\/adrianamorenoacosta.com\/wp-content\/uploads\/2024\/07\/Portada-Zoom-In-Bogotabus.png 1276w\" sizes=\"(max-width: 300px) 100vw, 300px\" \/><\/a>\n\t\t\t<\/div><\/figure><figure class='gallery-item'>\n\t\t\t<div class='gallery-icon landscape'>\n\t\t\t\t<a data-elementor-open-lightbox=\"yes\" data-elementor-lightbox-slideshow=\"2277ed6\" data-elementor-lightbox-title=\"KONICA MINOLTA DIGITAL CAMERA\" data-e-action-hash=\"#elementor-action%3Aaction%3Dlightbox%26settings%3DeyJpZCI6NDA1LCJ1cmwiOiJodHRwczpcL1wvYWRyaWFuYW1vcmVub2Fjb3N0YS5jb21cL3dwLWNvbnRlbnRcL3VwbG9hZHNcLzIwMjRcLzA3XC9CdXMtQm9nb3RhLmpwZyIsInNsaWRlc2hvdyI6IjIyNzdlZDYifQ%3D%3D\" href='https:\/\/adrianamorenoacosta.com\/wp-content\/uploads\/2024\/07\/Bus-Bogota.jpg'><img decoding=\"async\" width=\"300\" height=\"225\" src=\"https:\/\/adrianamorenoacosta.com\/wp-content\/uploads\/2024\/07\/Bus-Bogota-300x225.jpg\" class=\"attachment-medium size-medium\" alt=\"\" aria-describedby=\"gallery-1-405\" srcset=\"https:\/\/adrianamorenoacosta.com\/wp-content\/uploads\/2024\/07\/Bus-Bogota-300x225.jpg 300w, https:\/\/adrianamorenoacosta.com\/wp-content\/uploads\/2024\/07\/Bus-Bogota.jpg 591w\" sizes=\"(max-width: 300px) 100vw, 300px\" \/><\/a>\n\t\t\t<\/div>\n\t\t\t\t<figcaption class='wp-caption-text gallery-caption' id='gallery-1-405'>\n\t\t\t\tKONICA MINOLTA DIGITAL CAMERA\n\t\t\t\t<\/figcaption><\/figure><figure class='gallery-item'>\n\t\t\t<div class='gallery-icon landscape'>\n\t\t\t\t<a data-elementor-open-lightbox=\"yes\" data-elementor-lightbox-slideshow=\"2277ed6\" data-elementor-lightbox-title=\"Fuera de servicio\" data-e-action-hash=\"#elementor-action%3Aaction%3Dlightbox%26settings%3DeyJpZCI6NDA0LCJ1cmwiOiJodHRwczpcL1wvYWRyaWFuYW1vcmVub2Fjb3N0YS5jb21cL3dwLWNvbnRlbnRcL3VwbG9hZHNcLzIwMjRcLzA3XC9GdWVyYS1kZS1zZXJ2aWNpby5wbmciLCJzbGlkZXNob3ciOiIyMjc3ZWQ2In0%3D\" href='https:\/\/adrianamorenoacosta.com\/wp-content\/uploads\/2024\/07\/Fuera-de-servicio.png'><img decoding=\"async\" width=\"300\" height=\"241\" src=\"https:\/\/adrianamorenoacosta.com\/wp-content\/uploads\/2024\/07\/Fuera-de-servicio-300x241.png\" class=\"attachment-medium size-medium\" alt=\"\" srcset=\"https:\/\/adrianamorenoacosta.com\/wp-content\/uploads\/2024\/07\/Fuera-de-servicio-300x241.png 300w, https:\/\/adrianamorenoacosta.com\/wp-content\/uploads\/2024\/07\/Fuera-de-servicio-1024x821.png 1024w, https:\/\/adrianamorenoacosta.com\/wp-content\/uploads\/2024\/07\/Fuera-de-servicio-768x616.png 768w, https:\/\/adrianamorenoacosta.com\/wp-content\/uploads\/2024\/07\/Fuera-de-servicio.png 1232w\" sizes=\"(max-width: 300px) 100vw, 300px\" \/><\/a>\n\t\t\t<\/div><\/figure><figure class='gallery-item'>\n\t\t\t<div class='gallery-icon landscape'>\n\t\t\t\t<a data-elementor-open-lightbox=\"yes\" data-elementor-lightbox-slideshow=\"2277ed6\" data-elementor-lightbox-title=\"tabladesorden\" data-e-action-hash=\"#elementor-action%3Aaction%3Dlightbox%26settings%3DeyJpZCI6NDA2LCJ1cmwiOiJodHRwczpcL1wvYWRyaWFuYW1vcmVub2Fjb3N0YS5jb21cL3dwLWNvbnRlbnRcL3VwbG9hZHNcLzIwMjRcLzA3XC90YWJsYWRlc29yZGVuLnBuZyIsInNsaWRlc2hvdyI6IjIyNzdlZDYifQ%3D%3D\" href='https:\/\/adrianamorenoacosta.com\/wp-content\/uploads\/2024\/07\/tabladesorden.png'><img loading=\"lazy\" decoding=\"async\" width=\"300\" height=\"157\" src=\"https:\/\/adrianamorenoacosta.com\/wp-content\/uploads\/2024\/07\/tabladesorden-300x157.png\" class=\"attachment-medium size-medium\" alt=\"\" srcset=\"https:\/\/adrianamorenoacosta.com\/wp-content\/uploads\/2024\/07\/tabladesorden-300x157.png 300w, https:\/\/adrianamorenoacosta.com\/wp-content\/uploads\/2024\/07\/tabladesorden-1024x537.png 1024w, https:\/\/adrianamorenoacosta.com\/wp-content\/uploads\/2024\/07\/tabladesorden-768x403.png 768w, https:\/\/adrianamorenoacosta.com\/wp-content\/uploads\/2024\/07\/tabladesorden-1536x806.png 1536w, https:\/\/adrianamorenoacosta.com\/wp-content\/uploads\/2024\/07\/tabladesorden-2048x1075.png 2048w\" sizes=\"(max-width: 300px) 100vw, 300px\" \/><\/a>\n\t\t\t<\/div><\/figure><figure class='gallery-item'>\n\t\t\t<div class='gallery-icon landscape'>\n\t\t\t\t<a data-elementor-open-lightbox=\"yes\" data-elementor-lightbox-slideshow=\"2277ed6\" data-elementor-lightbox-title=\"tablas\" data-e-action-hash=\"#elementor-action%3Aaction%3Dlightbox%26settings%3DeyJpZCI6NDA3LCJ1cmwiOiJodHRwczpcL1wvYWRyaWFuYW1vcmVub2Fjb3N0YS5jb21cL3dwLWNvbnRlbnRcL3VwbG9hZHNcLzIwMjRcLzA3XC90YWJsYXMucG5nIiwic2xpZGVzaG93IjoiMjI3N2VkNiJ9\" href='https:\/\/adrianamorenoacosta.com\/wp-content\/uploads\/2024\/07\/tablas.png'><img loading=\"lazy\" decoding=\"async\" width=\"300\" height=\"180\" src=\"https:\/\/adrianamorenoacosta.com\/wp-content\/uploads\/2024\/07\/tablas-300x180.png\" class=\"attachment-medium size-medium\" alt=\"\" srcset=\"https:\/\/adrianamorenoacosta.com\/wp-content\/uploads\/2024\/07\/tablas-300x180.png 300w, https:\/\/adrianamorenoacosta.com\/wp-content\/uploads\/2024\/07\/tablas-1024x614.png 1024w, https:\/\/adrianamorenoacosta.com\/wp-content\/uploads\/2024\/07\/tablas-768x461.png 768w, https:\/\/adrianamorenoacosta.com\/wp-content\/uploads\/2024\/07\/tablas-1536x922.png 1536w, https:\/\/adrianamorenoacosta.com\/wp-content\/uploads\/2024\/07\/tablas-2048x1229.png 2048w\" sizes=\"(max-width: 300px) 100vw, 300px\" \/><\/a>\n\t\t\t<\/div><\/figure>\n\t\t<\/div>\n\t\t<\/div>\n\t\t\t\t\t\t<\/div>\n\t\t\t\t<\/div>\n\t\t\t\t\t<\/div>\n\t\t\t\t<\/div>\n\t\t<div class=\"elementor-element elementor-element-6f1e7d3 e-flex e-con-boxed e-con e-parent\" data-id=\"6f1e7d3\" data-element_type=\"container\">\n\t\t\t\t\t<div class=\"e-con-inner\">\n\t\t\t\t<div class=\"elementor-element elementor-element-1b2deca elementor-widget elementor-widget-video\" data-id=\"1b2deca\" data-element_type=\"widget\" data-settings=\"{&quot;video_type&quot;:&quot;vimeo&quot;}\" data-widget_type=\"video.default\">\n\t\t\t\t<div class=\"elementor-widget-container\">\n\t\t\t\t\t\t\t<div class=\"elementor-wrapper elementor-open-inline\">\n\t\t\t<iframe class=\"elementor-video-iframe\" allowfullscreen allow=\"clipboard-write\" title=\"Reproductor de v\u00eddeo vimeo\" src=\"https:\/\/player.vimeo.com\/video\/89408670?color&amp;autopause=0&amp;loop=0&amp;muted=0&amp;title=1&amp;portrait=1&amp;byline=1#t=\"><\/iframe>\t\t<\/div>\n\t\t\t\t\t\t<\/div>\n\t\t\t\t<\/div>\n\t\t\t\t\t<\/div>\n\t\t\t\t<\/div>\n\t\t\t\t<\/div>\n\t\t","protected":false},"excerpt":{"rendered":"<p>Zoom In Bogot\u00e1-Bus Video, Fotograf\u00edas Im\u00e1genes, sonidos y relatos de la experiencia del viaje en bus, buseta y colectivo en [&hellip;]<\/p>\n","protected":false},"author":1,"featured_media":0,"parent":0,"menu_order":0,"comment_status":"closed","ping_status":"closed","template":"","meta":{"site-sidebar-layout":"no-sidebar","site-content-layout":"","ast-site-content-layout":"full-width-container","site-content-style":"default","site-sidebar-style":"default","ast-global-header-display":"","ast-banner-title-visibility":"","ast-main-header-display":"","ast-hfb-above-header-display":"","ast-hfb-below-header-display":"","ast-hfb-mobile-header-display":"","site-post-title":"disabled","ast-breadcrumbs-content":"","ast-featured-img":"disabled","footer-sml-layout":"","theme-transparent-header-meta":"","adv-header-id-meta":"","stick-header-meta":"","header-above-stick-meta":"","header-main-stick-meta":"","header-below-stick-meta":"","astra-migrate-meta-layouts":"default","ast-page-background-enabled":"default","ast-page-background-meta":{"desktop":{"background-color":"var(--ast-global-color-4)","background-image":"","background-repeat":"repeat","background-position":"center center","background-size":"auto","background-attachment":"scroll","background-type":"","background-media":"","overlay-type":"","overlay-color":"","overlay-opacity":"","overlay-gradient":""},"tablet":{"background-color":"","background-image":"","background-repeat":"repeat","background-position":"center center","background-size":"auto","background-attachment":"scroll","background-type":"","background-media":"","overlay-type":"","overlay-color":"","overlay-opacity":"","overlay-gradient":""},"mobile":{"background-color":"","background-image":"","background-repeat":"repeat","background-position":"center center","background-size":"auto","background-attachment":"scroll","background-type":"","background-media":"","overlay-type":"","overlay-color":"","overlay-opacity":"","overlay-gradient":""}},"ast-content-background-meta":{"desktop":{"background-color":"var(--ast-global-color-5)","background-image":"","background-repeat":"repeat","background-position":"center center","background-size":"auto","background-attachment":"scroll","background-type":"","background-media":"","overlay-type":"","overlay-color":"","overlay-opacity":"","overlay-gradient":""},"tablet":{"background-color":"var(--ast-global-color-5)","background-image":"","background-repeat":"repeat","background-position":"center center","background-size":"auto","background-attachment":"scroll","background-type":"","background-media":"","overlay-type":"","overlay-color":"","overlay-opacity":"","overlay-gradient":""},"mobile":{"background-color":"var(--ast-global-color-5)","background-image":"","background-repeat":"repeat","background-position":"center center","background-size":"auto","background-attachment":"scroll","background-type":"","background-media":"","overlay-type":"","overlay-color":"","overlay-opacity":"","overlay-gradient":""}},"footnotes":""},"class_list":["post-402","page","type-page","status-publish","hentry"],"_links":{"self":[{"href":"https:\/\/adrianamorenoacosta.com\/index.php\/wp-json\/wp\/v2\/pages\/402","targetHints":{"allow":["GET"]}}],"collection":[{"href":"https:\/\/adrianamorenoacosta.com\/index.php\/wp-json\/wp\/v2\/pages"}],"about":[{"href":"https:\/\/adrianamorenoacosta.com\/index.php\/wp-json\/wp\/v2\/types\/page"}],"author":[{"embeddable":true,"href":"https:\/\/adrianamorenoacosta.com\/index.php\/wp-json\/wp\/v2\/users\/1"}],"replies":[{"embeddable":true,"href":"https:\/\/adrianamorenoacosta.com\/index.php\/wp-json\/wp\/v2\/comments?post=402"}],"version-history":[{"count":4,"href":"https:\/\/adrianamorenoacosta.com\/index.php\/wp-json\/wp\/v2\/pages\/402\/revisions"}],"predecessor-version":[{"id":410,"href":"https:\/\/adrianamorenoacosta.com\/index.php\/wp-json\/wp\/v2\/pages\/402\/revisions\/410"}],"wp:attachment":[{"href":"https:\/\/adrianamorenoacosta.com\/index.php\/wp-json\/wp\/v2\/media?parent=402"}],"curies":[{"name":"wp","href":"https:\/\/api.w.org\/{rel}","templated":true}]}}