{"id":8,"date":"2024-06-16T15:50:12","date_gmt":"2024-06-16T15:50:12","guid":{"rendered":"https:\/\/adrianamorenoacosta.com\/?page_id=8"},"modified":"2025-01-16T19:13:18","modified_gmt":"2025-01-16T19:13:18","slug":"elementor-8","status":"publish","type":"page","link":"https:\/\/adrianamorenoacosta.com\/","title":{"rendered":"Home"},"content":{"rendered":"\t\t<div data-elementor-type=\"wp-page\" data-elementor-id=\"8\" class=\"elementor elementor-8\">\n\t\t\t\t<div class=\"elementor-element elementor-element-3104445 e-flex e-con-boxed e-con e-parent\" data-id=\"3104445\" data-element_type=\"container\">\n\t\t\t\t\t<div class=\"e-con-inner\">\n\t\t\t\t<div class=\"elementor-element elementor-element-9b52ed3 elementor-widget elementor-widget-image\" data-id=\"9b52ed3\" data-element_type=\"widget\" data-widget_type=\"image.default\">\n\t\t\t\t<div class=\"elementor-widget-container\">\n\t\t\t\t\t\t\t\t\t\t\t\t\t\t\t<img fetchpriority=\"high\" decoding=\"async\" width=\"2560\" height=\"1728\" src=\"https:\/\/adrianamorenoacosta.com\/wp-content\/uploads\/2024\/12\/IMG_5925-scaled.jpg\" class=\"attachment-full size-full wp-image-638\" alt=\"\" srcset=\"https:\/\/adrianamorenoacosta.com\/wp-content\/uploads\/2024\/12\/IMG_5925-scaled.jpg 2560w, https:\/\/adrianamorenoacosta.com\/wp-content\/uploads\/2024\/12\/IMG_5925-300x203.jpg 300w, https:\/\/adrianamorenoacosta.com\/wp-content\/uploads\/2024\/12\/IMG_5925-1024x691.jpg 1024w, https:\/\/adrianamorenoacosta.com\/wp-content\/uploads\/2024\/12\/IMG_5925-768x519.jpg 768w, https:\/\/adrianamorenoacosta.com\/wp-content\/uploads\/2024\/12\/IMG_5925-1536x1037.jpg 1536w, https:\/\/adrianamorenoacosta.com\/wp-content\/uploads\/2024\/12\/IMG_5925-2048x1383.jpg 2048w\" sizes=\"(max-width: 2560px) 100vw, 2560px\" \/>\t\t\t\t\t\t\t\t\t\t\t\t\t\t\t<\/div>\n\t\t\t\t<\/div>\n\t\t\t\t\t<\/div>\n\t\t\t\t<\/div>\n\t\t<div class=\"elementor-element elementor-element-458217d e-flex e-con-boxed e-con e-parent\" data-id=\"458217d\" data-element_type=\"container\">\n\t\t\t\t\t<div class=\"e-con-inner\">\n\t\t\t\t<div class=\"elementor-element elementor-element-b917040 elementor-widget elementor-widget-heading\" data-id=\"b917040\" data-element_type=\"widget\" data-widget_type=\"heading.default\">\n\t\t\t\t<div class=\"elementor-widget-container\">\n\t\t\t\t\t<h2 class=\"elementor-heading-title elementor-size-default\">\u00daltimo Proyecto<\/h2>\t\t\t\t<\/div>\n\t\t\t\t<\/div>\n\t\t\t\t\t<\/div>\n\t\t\t\t<\/div>\n\t\t<div class=\"elementor-element elementor-element-46706d0 e-flex e-con-boxed e-con e-parent\" data-id=\"46706d0\" data-element_type=\"container\" data-settings=\"{&quot;background_background&quot;:&quot;classic&quot;}\">\n\t\t\t\t\t<div class=\"e-con-inner\">\n\t\t<div class=\"elementor-element elementor-element-a1ac30e e-con-full e-flex e-con e-child\" data-id=\"a1ac30e\" data-element_type=\"container\">\n\t\t\t\t<div class=\"elementor-element elementor-element-cbc1d1a elementor-widget elementor-widget-heading\" data-id=\"cbc1d1a\" data-element_type=\"widget\" data-widget_type=\"heading.default\">\n\t\t\t\t<div class=\"elementor-widget-container\">\n\t\t\t\t\t<h1 class=\"elementor-heading-title elementor-size-default\">CEC - ICreA<\/h1>\t\t\t\t<\/div>\n\t\t\t\t<\/div>\n\t\t\t\t<div class=\"elementor-element elementor-element-02d0847 elementor-widget elementor-widget-heading\" data-id=\"02d0847\" data-element_type=\"widget\" data-widget_type=\"heading.default\">\n\t\t\t\t<div class=\"elementor-widget-container\">\n\t\t\t\t\t<h2 class=\"elementor-heading-title elementor-size-default\">Documental, libro, Exposici\u00f3n <\/h2>\t\t\t\t<\/div>\n\t\t\t\t<\/div>\n\t\t\t\t<div class=\"elementor-element elementor-element-ff1ff62 elementor-widget elementor-widget-heading\" data-id=\"ff1ff62\" data-element_type=\"widget\" data-widget_type=\"heading.default\">\n\t\t\t\t<div class=\"elementor-widget-container\">\n\t\t\t\t\t<p class=\"elementor-heading-title elementor-size-default\">\u201cComunidades Emergentes de Conocimiento y Procesos de Investigaci\u00f3n-Creaci\u00f3n Audiovisual\u201d CEC-ICreA, proyecto de investigaci\u00f3n-creaci\u00f3n financiado por el Fondo SEP-CONACYT en el cu\u00e1l se llevaron a cabo experiencias dial\u00f3gicas con los habitantes del Ejido Jalpa en Coahuila, norte de M\u00e9xico.<\/p>\t\t\t\t<\/div>\n\t\t\t\t<\/div>\n\t\t<div class=\"elementor-element elementor-element-a2d4cee e-grid e-con-boxed e-con e-child\" data-id=\"a2d4cee\" data-element_type=\"container\">\n\t\t\t\t\t<div class=\"e-con-inner\">\n\t\t\t\t<div class=\"elementor-element elementor-element-b312588 elementor-widget elementor-widget-button\" data-id=\"b312588\" data-element_type=\"widget\" data-widget_type=\"button.default\">\n\t\t\t\t<div class=\"elementor-widget-container\">\n\t\t\t\t\t\t\t\t\t<div class=\"elementor-button-wrapper\">\n\t\t\t\t\t<a class=\"elementor-button elementor-button-link elementor-size-sm\" href=\"#teaser\">\n\t\t\t\t\t\t<span class=\"elementor-button-content-wrapper\">\n\t\t\t\t\t\t\t\t\t<span class=\"elementor-button-text\">Ver Tr\u00e1iler<\/span>\n\t\t\t\t\t<\/span>\n\t\t\t\t\t<\/a>\n\t\t\t\t<\/div>\n\t\t\t\t\t\t\t\t<\/div>\n\t\t\t\t<\/div>\n\t\t\t\t<div class=\"elementor-element elementor-element-d17cdd2 elementor-align-left elementor-widget elementor-widget-button\" data-id=\"d17cdd2\" data-element_type=\"widget\" data-widget_type=\"button.default\">\n\t\t\t\t<div class=\"elementor-widget-container\">\n\t\t\t\t\t\t\t\t\t<div class=\"elementor-button-wrapper\">\n\t\t\t\t\t<a class=\"elementor-button elementor-button-link elementor-size-sm\" href=\"https:\/\/adrianamorenoacosta.com\/index.php\/quien-sera-juan\/\">\n\t\t\t\t\t\t<span class=\"elementor-button-content-wrapper\">\n\t\t\t\t\t\t\t\t\t<span class=\"elementor-button-text\">Ver Proyecto<\/span>\n\t\t\t\t\t<\/span>\n\t\t\t\t\t<\/a>\n\t\t\t\t<\/div>\n\t\t\t\t\t\t\t\t<\/div>\n\t\t\t\t<\/div>\n\t\t\t\t\t<\/div>\n\t\t\t\t<\/div>\n\t\t\t\t<\/div>\n\t\t<div class=\"elementor-element elementor-element-9298a2e e-con-full e-flex e-con e-child\" data-id=\"9298a2e\" data-element_type=\"container\">\n\t\t\t\t<div class=\"elementor-element elementor-element-c226c31 elementor-widget elementor-widget-image\" data-id=\"c226c31\" data-element_type=\"widget\" data-widget_type=\"image.default\">\n\t\t\t\t<div class=\"elementor-widget-container\">\n\t\t\t\t\t\t\t\t\t\t\t\t\t\t\t<img decoding=\"async\" src=\"https:\/\/adrianamorenoacosta.com\/wp-content\/uploads\/elementor\/thumbs\/Cartel-Quien-Sera-Juan-Final2-scaled-r03sv0yrdmcn41k3nppc0e32pxj12y2y78otl81fw8.jpg\" title=\"Cartel Quien Sera Juan-Final2\" alt=\"Cartel Quien Sera Juan-Final2\" loading=\"lazy\" \/>\t\t\t\t\t\t\t\t\t\t\t\t\t\t\t<\/div>\n\t\t\t\t<\/div>\n\t\t\t\t<\/div>\n\t\t\t\t\t<\/div>\n\t\t\t\t<\/div>\n\t\t<div class=\"elementor-element elementor-element-ecff4d3 e-flex e-con-boxed e-con e-parent\" data-id=\"ecff4d3\" data-element_type=\"container\" data-settings=\"{&quot;background_background&quot;:&quot;classic&quot;}\">\n\t\t\t\t\t<div class=\"e-con-inner\">\n\t\t\t\t<div class=\"elementor-element elementor-element-f742527 elementor-widget elementor-widget-menu-anchor\" data-id=\"f742527\" data-element_type=\"widget\" data-widget_type=\"menu-anchor.default\">\n\t\t\t\t<div class=\"elementor-widget-container\">\n\t\t\t\t\t\t\t<div class=\"elementor-menu-anchor\" id=\"teaser\"><\/div>\n\t\t\t\t\t\t<\/div>\n\t\t\t\t<\/div>\n\t\t\t\t<div class=\"elementor-element elementor-element-0b2ce33 elementor-widget elementor-widget-heading\" data-id=\"0b2ce33\" data-element_type=\"widget\" data-widget_type=\"heading.default\">\n\t\t\t\t<div class=\"elementor-widget-container\">\n\t\t\t\t\t<h2 class=\"elementor-heading-title elementor-size-default\">Tr\u00e1iler Documental<\/h2>\t\t\t\t<\/div>\n\t\t\t\t<\/div>\n\t\t\t\t<div class=\"elementor-element elementor-element-c0e37b8 elementor-widget elementor-widget-video\" data-id=\"c0e37b8\" data-element_type=\"widget\" data-settings=\"{&quot;video_type&quot;:&quot;vimeo&quot;}\" data-widget_type=\"video.default\">\n\t\t\t\t<div class=\"elementor-widget-container\">\n\t\t\t\t\t\t\t<div class=\"elementor-wrapper elementor-open-inline\">\n\t\t\t<iframe class=\"elementor-video-iframe\" allowfullscreen allow=\"clipboard-write\" title=\"Reproductor de v\u00eddeo vimeo\" src=\"https:\/\/player.vimeo.com\/video\/1044830722?color&amp;autopause=0&amp;loop=0&amp;muted=0&amp;title=1&amp;portrait=1&amp;byline=1#t=\"><\/iframe>\t\t<\/div>\n\t\t\t\t\t\t<\/div>\n\t\t\t\t<\/div>\n\t\t\t\t<div class=\"elementor-element elementor-element-05f3a4f elementor-align-center elementor-widget elementor-widget-button\" data-id=\"05f3a4f\" data-element_type=\"widget\" data-widget_type=\"button.default\">\n\t\t\t\t<div class=\"elementor-widget-container\">\n\t\t\t\t\t\t\t\t\t<div class=\"elementor-button-wrapper\">\n\t\t\t\t\t<a class=\"elementor-button elementor-button-link elementor-size-sm\" href=\"https:\/\/adrianamorenoacosta.com\/index.php\/quien-sera-juan\/\">\n\t\t\t\t\t\t<span class=\"elementor-button-content-wrapper\">\n\t\t\t\t\t\t\t\t\t<span class=\"elementor-button-text\">Ver Proyecto<\/span>\n\t\t\t\t\t<\/span>\n\t\t\t\t\t<\/a>\n\t\t\t\t<\/div>\n\t\t\t\t\t\t\t\t<\/div>\n\t\t\t\t<\/div>\n\t\t\t\t\t<\/div>\n\t\t\t\t<\/div>\n\t\t<div class=\"elementor-element elementor-element-6d36191 e-con-full e-flex e-con e-parent\" data-id=\"6d36191\" data-element_type=\"container\">\n\t\t\t\t<div class=\"elementor-element elementor-element-c7bba3f elementor-hidden-mobile elementor-widget elementor-widget-image\" data-id=\"c7bba3f\" data-element_type=\"widget\" data-widget_type=\"image.default\">\n\t\t\t\t<div class=\"elementor-widget-container\">\n\t\t\t\t\t\t\t\t\t\t\t\t\t\t\t<img decoding=\"async\" width=\"2100\" height=\"450\" src=\"https:\/\/adrianamorenoacosta.com\/wp-content\/uploads\/2024\/07\/carrusel_expo_quien-sera-juan.jpg\" class=\"attachment-full size-full wp-image-462\" alt=\"\" srcset=\"https:\/\/adrianamorenoacosta.com\/wp-content\/uploads\/2024\/07\/carrusel_expo_quien-sera-juan.jpg 2100w, https:\/\/adrianamorenoacosta.com\/wp-content\/uploads\/2024\/07\/carrusel_expo_quien-sera-juan-300x64.jpg 300w, https:\/\/adrianamorenoacosta.com\/wp-content\/uploads\/2024\/07\/carrusel_expo_quien-sera-juan-1024x219.jpg 1024w, https:\/\/adrianamorenoacosta.com\/wp-content\/uploads\/2024\/07\/carrusel_expo_quien-sera-juan-768x165.jpg 768w, https:\/\/adrianamorenoacosta.com\/wp-content\/uploads\/2024\/07\/carrusel_expo_quien-sera-juan-1536x329.jpg 1536w, https:\/\/adrianamorenoacosta.com\/wp-content\/uploads\/2024\/07\/carrusel_expo_quien-sera-juan-2048x439.jpg 2048w\" sizes=\"(max-width: 2100px) 100vw, 2100px\" \/>\t\t\t\t\t\t\t\t\t\t\t\t\t\t\t<\/div>\n\t\t\t\t<\/div>\n\t\t\t\t<\/div>\n\t\t\t\t<\/div>\n\t\t","protected":false},"excerpt":{"rendered":"<p>\u00daltimo Proyecto CEC &#8211; ICreA Documental, libro, Exposici\u00f3n \u201cComunidades Emergentes de Conocimiento y Procesos de Investigaci\u00f3n-Creaci\u00f3n Audiovisual\u201d CEC-ICreA, proyecto de [&hellip;]<\/p>\n","protected":false},"author":1,"featured_media":0,"parent":0,"menu_order":0,"comment_status":"closed","ping_status":"closed","template":"","meta":{"site-sidebar-layout":"no-sidebar","site-content-layout":"","ast-site-content-layout":"full-width-container","site-content-style":"unboxed","site-sidebar-style":"default","ast-global-header-display":"","ast-banner-title-visibility":"","ast-main-header-display":"","ast-hfb-above-header-display":"","ast-hfb-below-header-display":"","ast-hfb-mobile-header-display":"","site-post-title":"","ast-breadcrumbs-content":"","ast-featured-img":"","footer-sml-layout":"","theme-transparent-header-meta":"","adv-header-id-meta":"","stick-header-meta":"","header-above-stick-meta":"","header-main-stick-meta":"","header-below-stick-meta":"","astra-migrate-meta-layouts":"default","ast-page-background-enabled":"default","ast-page-background-meta":{"desktop":{"background-color":"var(--ast-global-color-4)","background-image":"","background-repeat":"repeat","background-position":"center center","background-size":"auto","background-attachment":"scroll","background-type":"","background-media":"","overlay-type":"","overlay-color":"","overlay-opacity":"","overlay-gradient":""},"tablet":{"background-color":"","background-image":"","background-repeat":"repeat","background-position":"center center","background-size":"auto","background-attachment":"scroll","background-type":"","background-media":"","overlay-type":"","overlay-color":"","overlay-opacity":"","overlay-gradient":""},"mobile":{"background-color":"","background-image":"","background-repeat":"repeat","background-position":"center center","background-size":"auto","background-attachment":"scroll","background-type":"","background-media":"","overlay-type":"","overlay-color":"","overlay-opacity":"","overlay-gradient":""}},"ast-content-background-meta":{"desktop":{"background-color":"var(--ast-global-color-5)","background-image":"","background-repeat":"repeat","background-position":"center center","background-size":"auto","background-attachment":"scroll","background-type":"","background-media":"","overlay-type":"","overlay-color":"","overlay-opacity":"","overlay-gradient":""},"tablet":{"background-color":"var(--ast-global-color-5)","background-image":"","background-repeat":"repeat","background-position":"center center","background-size":"auto","background-attachment":"scroll","background-type":"","background-media":"","overlay-type":"","overlay-color":"","overlay-opacity":"","overlay-gradient":""},"mobile":{"background-color":"var(--ast-global-color-5)","background-image":"","background-repeat":"repeat","background-position":"center center","background-size":"auto","background-attachment":"scroll","background-type":"","background-media":"","overlay-type":"","overlay-color":"","overlay-opacity":"","overlay-gradient":""}},"footnotes":""},"class_list":["post-8","page","type-page","status-publish","hentry"],"_links":{"self":[{"href":"https:\/\/adrianamorenoacosta.com\/index.php\/wp-json\/wp\/v2\/pages\/8","targetHints":{"allow":["GET"]}}],"collection":[{"href":"https:\/\/adrianamorenoacosta.com\/index.php\/wp-json\/wp\/v2\/pages"}],"about":[{"href":"https:\/\/adrianamorenoacosta.com\/index.php\/wp-json\/wp\/v2\/types\/page"}],"author":[{"embeddable":true,"href":"https:\/\/adrianamorenoacosta.com\/index.php\/wp-json\/wp\/v2\/users\/1"}],"replies":[{"embeddable":true,"href":"https:\/\/adrianamorenoacosta.com\/index.php\/wp-json\/wp\/v2\/comments?post=8"}],"version-history":[{"count":162,"href":"https:\/\/adrianamorenoacosta.com\/index.php\/wp-json\/wp\/v2\/pages\/8\/revisions"}],"predecessor-version":[{"id":712,"href":"https:\/\/adrianamorenoacosta.com\/index.php\/wp-json\/wp\/v2\/pages\/8\/revisions\/712"}],"wp:attachment":[{"href":"https:\/\/adrianamorenoacosta.com\/index.php\/wp-json\/wp\/v2\/media?parent=8"}],"curies":[{"name":"wp","href":"https:\/\/api.w.org\/{rel}","templated":true}]}}